{"id":11,"date":"2024-06-11T18:18:44","date_gmt":"2024-06-11T16:18:44","guid":{"rendered":"https:\/\/akustykawolnosci.radio.fm\/?page_id=11"},"modified":"2025-02-25T15:54:33","modified_gmt":"2025-02-25T14:54:33","slug":"11-2","status":"publish","type":"page","link":"https:\/\/akustykawolnosci.radio.fm\/","title":{"rendered":""},"content":{"rendered":"\n<!DOCTYPE html>\n<html lang=\"en\">\n<head>\n    <meta charset=\"UTF-8\">\n    <meta name=\"viewport\" content=\"width=device-width, initial-scale=1.0\">\n    <title>Radio Akustyka Wolno\u015bci<\/title>\n    <style>\n        p {\n            margin-bottom: 1.5em; \n            line-height: 1.6; \n        }\n\n        body, html {\n            height: 100%;\n            margin: 0;\n            font-family: Arial, sans-serif;\n            overflow: hidden;\n        }\n\n        * {\n            margin: 0;\n            padding: 0;\n        }\n\n        body {\n            background-image: url('http:\/\/akustykawolnosci.radio.fm\/wp-content\/uploads\/2024\/06\/cherrysw1-scaled.jpg');\n            background-position: center;\n            background-repeat: no-repeat;\n            background-size: cover;\n        }\n\n        .header {\n            position: fixed;\n            top: 0;\n            left: 0;\n            width: 100%;\n            height: 10vh; \n            background-color: rgba(0, 0, 0, 0.7);\n            z-index: 2;\n            font-family: Helvetica, sans-serif;\n            color: white;\n            font-size: 2.5vh; \n            display: flex;\n            align-items: center;\n            justify-content: center;\n            box-sizing: border-box; \n        }\n\n        .info-button-container {\n            position: absolute;\n            right: 10px; \n        }\n\n        .info-button {\n            background: none;\n            border: none;\n            color: white;\n            font-size: 2.5vh;\n            cursor: pointer;\n        }\n\n        .radio-player-container {\n            position: fixed;\n            top: 50%;\n            left: 50%;\n            transform: translate(-50%, -50%);\n            width: 90%;\n            max-width: 600px;\n            background: rgba(0, 0, 0, 0.7);\n            padding: 5%;\n            border-radius: 10px;\n            box-shadow: 0 0 20px rgba(0, 0, 0, 0.5);\n            z-index: 1;\n        }\n\n        iframe {\n            width: 100%;\n            border: 0;\n            min-height: 150px;\n        }\n\n        .info-panel {\n            position: fixed;\n            top: 50%;\n            left: 50%;\n            transform: translate(-50%, -50%);\n            width: 90%;\n            max-width: 700px;\n            height: 70vh;\n            background-color: rgba(0, 0, 0, 0.8);\n            color: white;\n            padding: 20px;\n            overflow-y: auto;\n            display: none;\n            flex-direction: column;\n            border-radius: 10px;\n            z-index: 3; \n        }\n\n        .info-panel.open {\n            display: flex;\n        }\n\n        .close-button {\n            background: none;\n            border: none;\n            color: white;\n            font-size: 2vh;\n            cursor: pointer;\n            align-self: flex-end;\n        }\n\n        .phone-container {\n            position: fixed;\n            top: 80%; \n            left: 50%;\n            transform: translate(-50%, -50%);\n            text-align: center;\n            z-index: 1;\n        }\n\n        .phone-text {\n            font-size: 3vh;\n            color: white;\n            margin-bottom: 10px; \n        }\n\n        .phone-button {\n            background: none; \n            border: none;\n            cursor: pointer;\n        }\n\n        .phone-button img {\n            width: 70px;\n            height: 70px; \n        }\n\n        \n        @media (max-width: 768px) {\n            .header {\n                font-size: 4vw;\n                height: 12vh;\n            }\n\n            .radio-player-container {\n                width: 95%;\n                padding: 7%;\n            }\n\n            .info-panel {\n                width: 90%;\n                height: 70vh;\n            }\n\n            .phone-container {\n                top: 85%;\n            }\n\n            .phone-text {\n                font-size: 4vw;\n            }\n\n            .phone-button img {\n                width: 60px;\n                height: 60px;\n            }\n        }\n    <\/style>\n<\/head>\n<body>\n    <div class=\"header\">\n        <span style=\"font-weight: bold;\">Radio Akustyka Wolno\u015bci<\/span>\n        <div class=\"info-button-container\">\n            <button class=\"info-button\" onclick=\"toggleInfoPanel()\">\u2139\ufe0f<\/button>\n        <\/div>\n    <\/div>\n    <div class=\"radio-player-container\">\n        <iframe src=\"https:\/\/radio.akustykawolnosci.radio.fm\/public\/radiowolnaakustyka\/embed?theme=dark\" frameborder=\"0\" allowtransparency=\"true\" style=\"width: 100%; min-height: 150px; border: 0;\"><\/iframe>\n    <\/div>\n    <div class=\"phone-container\">\n        <div class=\"phone-text\">TELEFON DO STUDIA<\/div>\n        <a href=\"https:\/\/discord.gg\/XjqjCS6gEQ\" class=\"phone-button\">\n            <img decoding=\"async\" src=\"http:\/\/akustykawolnosci.radio.fm\/wp-content\/uploads\/2025\/02\/0824985df442835b28e17cd8ce2ed2ce.png\" alt=\"Phone Icon\">\n        <\/a>\n    <\/div>\n    <div class=\"info-panel\" id=\"infoPanel\">\n        <button class=\"close-button\" onclick=\"toggleInfoPanel()\">\u2716<\/button>\n        <div class=\"info-content\">\n            <!---->\n            <p>Cze\u015b\u0107! Witajcie w moim ma\u0142ym zak\u0105tku internetu.<\/p>\n            <p>Pomys\u0142 na stworzenie sobie takiej ma\u0142ej strefy dorasta\u0142 w mojej g\u0142owie ju\u017c od dawna, lecz zawsze co\u015b mi przeszkadza\u0142o &#8211; a to finanse, a to po prostu jeszcze zbyt ma\u0142e umiej\u0119tno\u015bci. Ciesz\u0119 si\u0119, \u017ce mog\u0119 prowadzi\u0107 taki projekt, bo dzielenie si\u0119 z Wami odkrytymi przeze mnie brzmieniami daje mi niesamowit\u0105 satysfakcj\u0119. Tym w\u0142a\u015bnie g\u0142\u00f3wnie zajmuje si\u0119 Akustyka Wolno\u015bci &#8211; pokazywaniem rzeczy, kt\u00f3re by\u0107 mo\u017ce s\u0105 nieco bardziej niszowe, a by\u0107 mo\u017ce i znane, ale po prostu rewelacyjnie brzmi\u0105, gdy skupi si\u0119 je w kompilacj\u0119 utwor\u00f3w, tworz\u0105c w ten spos\u00f3b pewien experience; jednolity klimat danej audycji jest si\u0142\u0105 tej stacji.<\/p>\n            <p>Ze wzgl\u0119du na moje osobiste upodobania oznacza to, \u017ce z regu\u0142y b\u0119dziemy eksplorowa\u0107 dzie\u0142a w obr\u0119bie <b>szeroko pojmowanego jazzu czy bossa novy i soundtrack\u00f3w &#8211; od tych bliskich muzyki klasycznej, po te elektroniczne<\/b>. Na pewno jednak gama prezentowanych przeze mnie rzeczy Was nie zawiedzie, od zawsze jestem znany jako ten, kt\u00f3ry zna wszystko po trochu ;)).<\/p>\n            <p>Dlaczego wszystko jest tworzone bez wi\u0119kszego rozg\u0142osu w social mediach? Bo zale\u017cy mi na utrzymaniu &#8220;piwnicznego&#8221; charakteru tego przedsi\u0119wzi\u0119cia, nie interesuje mnie du\u017ca popularno\u015b\u0107 (a przynajmniej nie teraz haha). St\u0105d te\u017c strona nie jest indeksowana w Google&#8217;u. Wszystko jest drobne, amatorskie, lokalne i w\u0142a\u015bnie takie ma by\u0107.<\/p>\n            <p>Chcia\u0142bym tak\u017ce, \u017ceby Akustyka Wolno\u015bci by\u0142a miejscem spotka\u0144 idei &#8211; st\u0105d nazwa i telefon do studia. Na pewno spotkacie si\u0119 tu tak\u017ce z audycjami komentatorskimi, w kt\u00f3rych b\u0119d\u0119 omawia\u0142 najr\u00f3\u017cniejsze rzeczy ze \u015bwiata i spo\u0142ecze\u0144stwa ze swojej socjallibertaria\u0144skiej perspektywy.<\/p>\n            <p>Z g\u00f3ry serdecznie dzi\u0119kuj\u0119 za ka\u017cd\u0105 minut\u0119 sp\u0119dzon\u0105 na tej stronie i \u017cycz\u0119 mi\u0142ego s\u0142uchania.<\/p>\n            <p style=\"text-align: right;\">mitril<\/p>\n        <\/div>\n    <\/div>\n\n    <script>\n        function toggleInfoPanel() {\n            const infoPanel = document.getElementById('infoPanel');\n            infoPanel.classList.toggle('open');\n        }\n    <\/script>\n<\/body>\n<\/html>\n\n\n\n<p><\/p>\n","protected":false},"excerpt":{"rendered":"<p>Radio Akustyka Wolno\u015bci Radio Akustyka Wolno\u015bci \u2139\ufe0f TELEFON DO STUDIA \u2716 Cze\u015b\u0107! Witajcie w moim ma\u0142ym zak\u0105tku internetu. Pomys\u0142 na stworzenie sobie takiej ma\u0142ej strefy dorasta\u0142 w mojej g\u0142owie ju\u017c od dawna, lecz zawsze co\u015b mi przeszkadza\u0142o &#8211; a to finanse, a to po prostu jeszcze zbyt ma\u0142e umiej\u0119tno\u015bci. Ciesz\u0119 si\u0119, \u017ce mog\u0119 prowadzi\u0107 taki [&hellip;]<\/p>\n","protected":false},"author":1,"featured_media":0,"parent":0,"menu_order":0,"comment_status":"closed","ping_status":"closed","template":"blank","meta":{"footnotes":""},"class_list":["post-11","page","type-page","status-publish","hentry"],"_links":{"self":[{"href":"https:\/\/akustykawolnosci.radio.fm\/index.php\/wp-json\/wp\/v2\/pages\/11","targetHints":{"allow":["GET"]}}],"collection":[{"href":"https:\/\/akustykawolnosci.radio.fm\/index.php\/wp-json\/wp\/v2\/pages"}],"about":[{"href":"https:\/\/akustykawolnosci.radio.fm\/index.php\/wp-json\/wp\/v2\/types\/page"}],"author":[{"embeddable":true,"href":"https:\/\/akustykawolnosci.radio.fm\/index.php\/wp-json\/wp\/v2\/users\/1"}],"replies":[{"embeddable":true,"href":"https:\/\/akustykawolnosci.radio.fm\/index.php\/wp-json\/wp\/v2\/comments?post=11"}],"version-history":[{"count":85,"href":"https:\/\/akustykawolnosci.radio.fm\/index.php\/wp-json\/wp\/v2\/pages\/11\/revisions"}],"predecessor-version":[{"id":137,"href":"https:\/\/akustykawolnosci.radio.fm\/index.php\/wp-json\/wp\/v2\/pages\/11\/revisions\/137"}],"wp:attachment":[{"href":"https:\/\/akustykawolnosci.radio.fm\/index.php\/wp-json\/wp\/v2\/media?parent=11"}],"curies":[{"name":"wp","href":"https:\/\/api.w.org\/{rel}","templated":true}]}}